{"id":31,"date":"2025-08-04T15:42:44","date_gmt":"2025-08-04T15:42:44","guid":{"rendered":"https:\/\/jordidelrio.com\/our-story\/"},"modified":"2025-10-11T08:07:19","modified_gmt":"2025-10-11T08:07:19","slug":"desperta-2","status":"publish","type":"page","link":"https:\/\/jordidelrio.com\/es\/desperta-2\/","title":{"rendered":"\u00a1Despierta!"},"content":{"rendered":"<div data-elementor-type=\"wp-page\" data-elementor-id=\"31\" class=\"elementor elementor-31\">\n\t\t\t\t<div class=\"elementor-element elementor-element-05dd35d e-flex e-con-boxed e-con e-parent\" data-id=\"05dd35d\" data-element_type=\"container\" data-settings=\"{&quot;background_background&quot;:&quot;classic&quot;}\">\n\t\t\t\t\t<div class=\"e-con-inner\">\n\t\t\t\t\t<\/div>\n\t\t\t\t<\/div>\n\t\t<div class=\"elementor-element elementor-element-47a8853c e-con-full e-flex e-con e-parent\" data-id=\"47a8853c\" data-element_type=\"container\">\n\t\t<div class=\"elementor-element elementor-element-8734fb e-con-full e-flex e-con e-child\" data-id=\"8734fb\" data-element_type=\"container\">\n\t\t\t\t<div class=\"elementor-element elementor-element-3fd0410 elementor-widget elementor-widget-heading\" data-id=\"3fd0410\" data-element_type=\"widget\" data-widget_type=\"heading.default\">\n\t\t\t\t\t<h1 class=\"elementor-heading-title elementor-size-default\">\u00a1Despierta!<\/h1>\t\t\t\t<\/div>\n\t\t\t\t<div class=\"elementor-element elementor-element-662ba29b body-text elementor-invisible elementor-widget elementor-widget-text-editor\" data-id=\"662ba29b\" data-element_type=\"widget\" data-settings=\"{&quot;_animation&quot;:&quot;fadeIn&quot;,&quot;_animation_delay&quot;:400}\" data-widget_type=\"text-editor.default\">\n\t\t\t\t\t\t\t\t\t<p>Un escenario vac\u00edo. De repente, llega una furgoneta. \u00a1Ya ha llegado la compa\u00f1\u00eda! Lisanl\u00fassapa y DelRi, son unos comediantes que comparten su pasi\u00f3n por el teatro explicando sus historias. Cinco historias distintas repletas de humor e imaginaci\u00f3n que despiertan las emociones y los sentimientos. Relatos que hablan de amor, sue\u00f1os y fantas\u00edas\u2026 y tambi\u00e9n de bullyng, inmigraci\u00f3n y humanidad. Historias que te har\u00e1n despertar de emoci\u00f3n o de risa. \u00a1O las dos cosas!<\/p><ul><li><strong>Espacio<\/strong>Sala \/ Calle (con las condiciones adecuadas)<\/li><li><strong>Duraci\u00f3n<\/strong>: 55 minuts<\/li><li><strong>P\u00fablico<\/strong>: P\u00fablico familiar a partir de 3 a\u00f1os. Campa\u00f1a escolar: de 3 a 10 a\u00f1os<\/li><li><strong>Medidas m\u00ednimas del espacio esc\u00e9nico<\/strong>: 6mt ancho x 5mt fondo x 3mt altura<\/li><\/ul>\t\t\t\t\t\t\t\t<\/div>\n\t\t\t\t<div class=\"elementor-element elementor-element-b470235 elementor-align-left elementor-mobile-align-center elementor-widget elementor-widget-button\" data-id=\"b470235\" data-element_type=\"widget\" data-widget_type=\"button.default\">\n\t\t\t\t\t\t\t\t\t\t<a class=\"elementor-button elementor-button-link elementor-size-sm\" href=\"https:\/\/jordidelrio.com\/wp-content\/uploads\/2025\/10\/dosier-desperta-castellano.pdf\" target=\"_blank\">\n\t\t\t\t\t\t<span class=\"elementor-button-content-wrapper\">\n\t\t\t\t\t\t\t\t\t<span class=\"elementor-button-text\">Descargar dosier<\/span>\n\t\t\t\t\t<\/span>\n\t\t\t\t\t<\/a>\n\t\t\t\t\t\t\t\t<\/div>\n\t\t\t\t<\/div>\n\t\t<div class=\"elementor-element elementor-element-6533897 e-con-full e-flex e-con e-child\" data-id=\"6533897\" data-element_type=\"container\">\n\t\t\t\t<div class=\"elementor-element elementor-element-70bf93d elementor-widget elementor-widget-image\" data-id=\"70bf93d\" data-element_type=\"widget\" data-widget_type=\"image.default\">\n\t\t\t\t\t\t\t\t\t\t\t\t\t\t\t<img fetchpriority=\"high\" decoding=\"async\" width=\"800\" height=\"533\" src=\"https:\/\/jordidelrio.com\/wp-content\/uploads\/2025\/08\/desperta-icona-1.jpg\" class=\"attachment-full size-full wp-image-238\" alt=\"Desperta!\" \/>\t\t\t\t\t\t\t\t\t\t\t\t\t\t\t<\/div>\n\t\t\t\t<\/div>\n\t\t\t\t<\/div>\n\t\t<div class=\"elementor-element elementor-element-98d81bc e-flex e-con-boxed e-con e-parent\" data-id=\"98d81bc\" data-element_type=\"container\">\n\t\t\t\t\t<div class=\"e-con-inner\">\n\t\t\t\t<div class=\"elementor-element elementor-element-42501d1 elementor-widget__width-initial elementor-widget elementor-widget-video\" data-id=\"42501d1\" data-element_type=\"widget\" data-settings=\"{&quot;youtube_url&quot;:&quot;https:\\\/\\\/www.youtube.com\\\/watch?v=OClPqNyUjIg&quot;,&quot;video_type&quot;:&quot;youtube&quot;,&quot;controls&quot;:&quot;yes&quot;}\" data-no-translation=\"\" data-widget_type=\"video.default\">\n\t\t\t\t\t<style>.elementor-element-42501d1{display:none !important}<\/style>\t\t\t\t<\/div>\n\t\t\t\t<div class=\"elementor-element elementor-element-ffc5f9d elementor-widget__width-initial elementor-widget elementor-widget-video\" data-id=\"ffc5f9d\" data-element_type=\"widget\" data-settings=\"{&quot;youtube_url&quot;:&quot;https:\\\/\\\/youtu.be\\\/xCpsHaSSYW8?si=2W_w1komnHInSxsK&quot;,&quot;video_type&quot;:&quot;youtube&quot;,&quot;controls&quot;:&quot;yes&quot;}\" data-no-translation=\"\" data-widget_type=\"video.default\">\n\t\t\t\t\t\t\t<div class=\"elementor-wrapper elementor-open-inline\">\n\t\t\t<div class=\"elementor-video\"><\/div>\t\t<\/div>\n\t\t\t\t\t\t<\/div>\n\t\t\t\t\t<\/div>\n\t\t\t\t<\/div>\n\t\t<div class=\"elementor-element elementor-element-f353a25 e-flex e-con-boxed e-con e-parent\" data-id=\"f353a25\" data-element_type=\"container\">\n\t\t\t\t\t<div class=\"e-con-inner\">\n\t\t\t\t<div class=\"elementor-element elementor-element-bc9872e show-gallery elementor-widget elementor-widget-image-gallery\" data-id=\"bc9872e\" data-element_type=\"widget\" data-widget_type=\"image-gallery.default\">\n\t\t\t\t\t\t\t<div class=\"elementor-image-gallery\">\n\t\t\t<div id='gallery-1' class='gallery galleryid-31 gallery-columns-4 gallery-size-medium'><figure class='gallery-item'>\n\t\t\t<div class='gallery-icon landscape'>\n\t\t\t\t<a data-elementor-open-lightbox=\"yes\" data-elementor-lightbox-slideshow=\"bc9872e\" data-elementor-lightbox-title=\"desperta-07\" data-e-action-hash=\"#elementor-action%3Aaction%3Dlightbox%26settings%3DeyJpZCI6MzE5LCJ1cmwiOiJodHRwczpcL1wvam9yZGlkZWxyaW8uY29tXC93cC1jb250ZW50XC91cGxvYWRzXC8yMDI1XC8wOFwvZGVzcGVydGEtMDcuanBnIiwic2xpZGVzaG93IjoiYmM5ODcyZSJ9\" href='https:\/\/jordidelrio.com\/wp-content\/uploads\/2025\/08\/desperta-07.jpg'><img decoding=\"async\" width=\"300\" height=\"200\" src=\"https:\/\/jordidelrio.com\/wp-content\/uploads\/2025\/08\/desperta-07.jpg\" class=\"attachment-medium size-medium\" alt=\"Desperta!\" \/><\/a>\n\t\t\t<\/div><\/figure><figure class='gallery-item'>\n\t\t\t<div class='gallery-icon landscape'>\n\t\t\t\t<a data-elementor-open-lightbox=\"yes\" data-elementor-lightbox-slideshow=\"bc9872e\" data-elementor-lightbox-title=\"desperta-08\" data-e-action-hash=\"#elementor-action%3Aaction%3Dlightbox%26settings%3DeyJpZCI6MzIwLCJ1cmwiOiJodHRwczpcL1wvam9yZGlkZWxyaW8uY29tXC93cC1jb250ZW50XC91cGxvYWRzXC8yMDI1XC8wOFwvZGVzcGVydGEtMDguanBnIiwic2xpZGVzaG93IjoiYmM5ODcyZSJ9\" href='https:\/\/jordidelrio.com\/wp-content\/uploads\/2025\/08\/desperta-08.jpg'><img decoding=\"async\" width=\"300\" height=\"200\" src=\"https:\/\/jordidelrio.com\/wp-content\/uploads\/2025\/08\/desperta-08.jpg\" class=\"attachment-medium size-medium\" alt=\"Desperta!\" \/><\/a>\n\t\t\t<\/div><\/figure><figure class='gallery-item'>\n\t\t\t<div class='gallery-icon landscape'>\n\t\t\t\t<a data-elementor-open-lightbox=\"yes\" data-elementor-lightbox-slideshow=\"bc9872e\" data-elementor-lightbox-title=\"desperta-09\" data-e-action-hash=\"#elementor-action%3Aaction%3Dlightbox%26settings%3DeyJpZCI6MzIxLCJ1cmwiOiJodHRwczpcL1wvam9yZGlkZWxyaW8uY29tXC93cC1jb250ZW50XC91cGxvYWRzXC8yMDI1XC8wOFwvZGVzcGVydGEtMDkuanBnIiwic2xpZGVzaG93IjoiYmM5ODcyZSJ9\" href='https:\/\/jordidelrio.com\/wp-content\/uploads\/2025\/08\/desperta-09.jpg'><img loading=\"lazy\" decoding=\"async\" width=\"300\" height=\"200\" src=\"https:\/\/jordidelrio.com\/wp-content\/uploads\/2025\/08\/desperta-09.jpg\" class=\"attachment-medium size-medium\" alt=\"Desperta!\" \/><\/a>\n\t\t\t<\/div><\/figure><figure class='gallery-item'>\n\t\t\t<div class='gallery-icon landscape'>\n\t\t\t\t<a data-elementor-open-lightbox=\"yes\" data-elementor-lightbox-slideshow=\"bc9872e\" data-elementor-lightbox-title=\"desperta-10\" data-e-action-hash=\"#elementor-action%3Aaction%3Dlightbox%26settings%3DeyJpZCI6MzIyLCJ1cmwiOiJodHRwczpcL1wvam9yZGlkZWxyaW8uY29tXC93cC1jb250ZW50XC91cGxvYWRzXC8yMDI1XC8wOFwvZGVzcGVydGEtMTAuanBnIiwic2xpZGVzaG93IjoiYmM5ODcyZSJ9\" href='https:\/\/jordidelrio.com\/wp-content\/uploads\/2025\/08\/desperta-10.jpg'><img loading=\"lazy\" decoding=\"async\" width=\"300\" height=\"200\" src=\"https:\/\/jordidelrio.com\/wp-content\/uploads\/2025\/08\/desperta-10.jpg\" class=\"attachment-medium size-medium\" alt=\"Desperta!\" \/><\/a>\n\t\t\t<\/div><\/figure><figure class='gallery-item'>\n\t\t\t<div class='gallery-icon landscape'>\n\t\t\t\t<a data-elementor-open-lightbox=\"yes\" data-elementor-lightbox-slideshow=\"bc9872e\" data-elementor-lightbox-title=\"desperta-11\" data-e-action-hash=\"#elementor-action%3Aaction%3Dlightbox%26settings%3DeyJpZCI6MzIzLCJ1cmwiOiJodHRwczpcL1wvam9yZGlkZWxyaW8uY29tXC93cC1jb250ZW50XC91cGxvYWRzXC8yMDI1XC8wOFwvZGVzcGVydGEtMTEuanBnIiwic2xpZGVzaG93IjoiYmM5ODcyZSJ9\" href='https:\/\/jordidelrio.com\/wp-content\/uploads\/2025\/08\/desperta-11.jpg'><img loading=\"lazy\" decoding=\"async\" width=\"300\" height=\"200\" src=\"https:\/\/jordidelrio.com\/wp-content\/uploads\/2025\/08\/desperta-11.jpg\" class=\"attachment-medium size-medium\" alt=\"Desperta!\" \/><\/a>\n\t\t\t<\/div><\/figure><figure class='gallery-item'>\n\t\t\t<div class='gallery-icon landscape'>\n\t\t\t\t<a data-elementor-open-lightbox=\"yes\" data-elementor-lightbox-slideshow=\"bc9872e\" data-elementor-lightbox-title=\"desperta-12\" data-e-action-hash=\"#elementor-action%3Aaction%3Dlightbox%26settings%3DeyJpZCI6MzI0LCJ1cmwiOiJodHRwczpcL1wvam9yZGlkZWxyaW8uY29tXC93cC1jb250ZW50XC91cGxvYWRzXC8yMDI1XC8wOFwvZGVzcGVydGEtMTIuanBnIiwic2xpZGVzaG93IjoiYmM5ODcyZSJ9\" href='https:\/\/jordidelrio.com\/wp-content\/uploads\/2025\/08\/desperta-12.jpg'><img loading=\"lazy\" decoding=\"async\" width=\"300\" height=\"200\" src=\"https:\/\/jordidelrio.com\/wp-content\/uploads\/2025\/08\/desperta-12.jpg\" class=\"attachment-medium size-medium\" alt=\"Desperta!\" \/><\/a>\n\t\t\t<\/div><\/figure><figure class='gallery-item'>\n\t\t\t<div class='gallery-icon landscape'>\n\t\t\t\t<a data-elementor-open-lightbox=\"yes\" data-elementor-lightbox-slideshow=\"bc9872e\" data-elementor-lightbox-title=\"desperta-06\" data-e-action-hash=\"#elementor-action%3Aaction%3Dlightbox%26settings%3DeyJpZCI6MzE4LCJ1cmwiOiJodHRwczpcL1wvam9yZGlkZWxyaW8uY29tXC93cC1jb250ZW50XC91cGxvYWRzXC8yMDI1XC8wOFwvZGVzcGVydGEtMDYuanBnIiwic2xpZGVzaG93IjoiYmM5ODcyZSJ9\" href='https:\/\/jordidelrio.com\/wp-content\/uploads\/2025\/08\/desperta-06.jpg'><img loading=\"lazy\" decoding=\"async\" width=\"300\" height=\"200\" src=\"https:\/\/jordidelrio.com\/wp-content\/uploads\/2025\/08\/desperta-06.jpg\" class=\"attachment-medium size-medium\" alt=\"Desperta!\" \/><\/a>\n\t\t\t<\/div><\/figure><figure class='gallery-item'>\n\t\t\t<div class='gallery-icon landscape'>\n\t\t\t\t<a data-elementor-open-lightbox=\"yes\" data-elementor-lightbox-slideshow=\"bc9872e\" data-elementor-lightbox-title=\"desperta-5\" data-e-action-hash=\"#elementor-action%3Aaction%3Dlightbox%26settings%3DeyJpZCI6MzE3LCJ1cmwiOiJodHRwczpcL1wvam9yZGlkZWxyaW8uY29tXC93cC1jb250ZW50XC91cGxvYWRzXC8yMDI1XC8wOFwvZGVzcGVydGEtNS5qcGciLCJzbGlkZXNob3ciOiJiYzk4NzJlIn0%3D\" href='https:\/\/jordidelrio.com\/wp-content\/uploads\/2025\/08\/desperta-5.jpg'><img loading=\"lazy\" decoding=\"async\" width=\"300\" height=\"200\" src=\"https:\/\/jordidelrio.com\/wp-content\/uploads\/2025\/08\/desperta-5.jpg\" class=\"attachment-medium size-medium\" alt=\"Desperta!\" \/><\/a>\n\t\t\t<\/div><\/figure><figure class='gallery-item'>\n\t\t\t<div class='gallery-icon landscape'>\n\t\t\t\t<a data-elementor-open-lightbox=\"yes\" data-elementor-lightbox-slideshow=\"bc9872e\" data-elementor-lightbox-title=\"desperta-04\" data-e-action-hash=\"#elementor-action%3Aaction%3Dlightbox%26settings%3DeyJpZCI6MzE2LCJ1cmwiOiJodHRwczpcL1wvam9yZGlkZWxyaW8uY29tXC93cC1jb250ZW50XC91cGxvYWRzXC8yMDI1XC8wOFwvZGVzcGVydGEtMDQuanBnIiwic2xpZGVzaG93IjoiYmM5ODcyZSJ9\" href='https:\/\/jordidelrio.com\/wp-content\/uploads\/2025\/08\/desperta-04.jpg'><img loading=\"lazy\" decoding=\"async\" width=\"300\" height=\"200\" src=\"https:\/\/jordidelrio.com\/wp-content\/uploads\/2025\/08\/desperta-04.jpg\" class=\"attachment-medium size-medium\" alt=\"Desperta!\" \/><\/a>\n\t\t\t<\/div><\/figure><figure class='gallery-item'>\n\t\t\t<div class='gallery-icon landscape'>\n\t\t\t\t<a data-elementor-open-lightbox=\"yes\" data-elementor-lightbox-slideshow=\"bc9872e\" data-elementor-lightbox-title=\"desperta-03\" data-e-action-hash=\"#elementor-action%3Aaction%3Dlightbox%26settings%3DeyJpZCI6MzE1LCJ1cmwiOiJodHRwczpcL1wvam9yZGlkZWxyaW8uY29tXC93cC1jb250ZW50XC91cGxvYWRzXC8yMDI1XC8wOFwvZGVzcGVydGEtMDMuanBnIiwic2xpZGVzaG93IjoiYmM5ODcyZSJ9\" href='https:\/\/jordidelrio.com\/wp-content\/uploads\/2025\/08\/desperta-03.jpg'><img loading=\"lazy\" decoding=\"async\" width=\"300\" height=\"200\" src=\"https:\/\/jordidelrio.com\/wp-content\/uploads\/2025\/08\/desperta-03.jpg\" class=\"attachment-medium size-medium\" alt=\"Desperta!\" \/><\/a>\n\t\t\t<\/div><\/figure><figure class='gallery-item'>\n\t\t\t<div class='gallery-icon landscape'>\n\t\t\t\t<a data-elementor-open-lightbox=\"yes\" data-elementor-lightbox-slideshow=\"bc9872e\" data-elementor-lightbox-title=\"desperta-01\" data-e-action-hash=\"#elementor-action%3Aaction%3Dlightbox%26settings%3DeyJpZCI6MzEzLCJ1cmwiOiJodHRwczpcL1wvam9yZGlkZWxyaW8uY29tXC93cC1jb250ZW50XC91cGxvYWRzXC8yMDI1XC8wOFwvZGVzcGVydGEtMDEuanBnIiwic2xpZGVzaG93IjoiYmM5ODcyZSJ9\" href='https:\/\/jordidelrio.com\/wp-content\/uploads\/2025\/08\/desperta-01.jpg'><img loading=\"lazy\" decoding=\"async\" width=\"300\" height=\"200\" src=\"https:\/\/jordidelrio.com\/wp-content\/uploads\/2025\/08\/desperta-01.jpg\" class=\"attachment-medium size-medium\" alt=\"Desperta!\" \/><\/a>\n\t\t\t<\/div><\/figure><figure class='gallery-item'>\n\t\t\t<div class='gallery-icon landscape'>\n\t\t\t\t<a data-elementor-open-lightbox=\"yes\" data-elementor-lightbox-slideshow=\"bc9872e\" data-elementor-lightbox-title=\"desperta-02\" data-e-action-hash=\"#elementor-action%3Aaction%3Dlightbox%26settings%3DeyJpZCI6MzE0LCJ1cmwiOiJodHRwczpcL1wvam9yZGlkZWxyaW8uY29tXC93cC1jb250ZW50XC91cGxvYWRzXC8yMDI1XC8wOFwvZGVzcGVydGEtMDIuanBnIiwic2xpZGVzaG93IjoiYmM5ODcyZSJ9\" href='https:\/\/jordidelrio.com\/wp-content\/uploads\/2025\/08\/desperta-02.jpg'><img loading=\"lazy\" decoding=\"async\" width=\"300\" height=\"200\" src=\"https:\/\/jordidelrio.com\/wp-content\/uploads\/2025\/08\/desperta-02.jpg\" class=\"attachment-medium size-medium\" alt=\"Desperta!\" \/><\/a>\n\t\t\t<\/div><\/figure>\n\t\t<\/div>\n\t\t<\/div>\n\t\t\t\t\t\t<\/div>\n\t\t\t\t\t<\/div>\n\t\t\t\t<\/div>\n\t\t<div class=\"elementor-element elementor-element-1e9c7aa e-flex e-con-boxed e-con e-parent\" data-id=\"1e9c7aa\" data-element_type=\"container\">\n\t\t\t\t\t<div class=\"e-con-inner\">\n\t\t\t\t<div class=\"elementor-element elementor-element-000e1bf elementor-widget elementor-widget-heading\" data-id=\"000e1bf\" data-element_type=\"widget\" data-widget_type=\"heading.default\">\n\t\t\t\t\t<h2 class=\"elementor-heading-title elementor-size-default\">Otros espect\u00e1culos<\/h2>\t\t\t\t<\/div>\n\t\t<div class=\"elementor-element elementor-element-155d0d1 e-con-full e-flex e-con e-child\" data-id=\"155d0d1\" data-element_type=\"container\">\n\t\t\t\t<div class=\"elementor-element elementor-element-28cd92c elementor-widget-tablet__width-initial elementor-widget-mobile__width-inherit elementor-widget__width-initial elementor-position-top elementor-widget elementor-widget-image-box\" data-id=\"28cd92c\" data-element_type=\"widget\" data-widget_type=\"image-box.default\">\n\t\t\t\t\t<div class=\"elementor-image-box-wrapper\"><figure class=\"elementor-image-box-img\"><a href=\"https:\/\/jordidelrio.com\/es\/ludus-2\/\" tabindex=\"-1\"><img loading=\"lazy\" decoding=\"async\" width=\"683\" height=\"600\" src=\"https:\/\/jordidelrio.com\/wp-content\/uploads\/2025\/08\/ludus.jpg\" class=\"elementor-animation-grow attachment-full size-full wp-image-68\" alt=\"Ludus\" \/><\/a><\/figure><div class=\"elementor-image-box-content\"><h4 class=\"elementor-image-box-title\"><a href=\"https:\/\/jordidelrio.com\/es\/ludus-2\/\">Ludus<\/a><\/h4><p class=\"elementor-image-box-description\">\u00a1Todo est\u00e0 listo para empezar! \u00a1S\u00f3lo necesitas una maleta y dejarte llevar! Espect\u00e1culo de calle.<\/p><\/div><\/div>\t\t\t\t<\/div>\n\t\t\t\t<div class=\"elementor-element elementor-element-0823535 elementor-widget-tablet__width-initial elementor-widget-mobile__width-inherit elementor-widget__width-initial elementor-position-top elementor-widget elementor-widget-image-box\" data-id=\"0823535\" data-element_type=\"widget\" data-widget_type=\"image-box.default\">\n\t\t\t\t\t<div class=\"elementor-image-box-wrapper\"><figure class=\"elementor-image-box-img\"><a href=\"https:\/\/jordidelrio.com\/es\/menuda-comedia-2\/\" tabindex=\"-1\"><img loading=\"lazy\" decoding=\"async\" width=\"683\" height=\"600\" src=\"https:\/\/jordidelrio.com\/wp-content\/uploads\/2025\/10\/menuda-comedia-2.jpg\" class=\"elementor-animation-grow attachment-full size-full wp-image-861\" alt=\"Menuda com\u00e8dia\" srcset=\"https:\/\/jordidelrio.com\/wp-content\/uploads\/2025\/10\/menuda-comedia-2.jpg 683w, https:\/\/jordidelrio.com\/wp-content\/uploads\/2025\/10\/menuda-comedia-2-300x264.jpg 300w, https:\/\/jordidelrio.com\/wp-content\/uploads\/2025\/10\/menuda-comedia-2-14x12.jpg 14w\" sizes=\"(max-width: 683px) 100vw, 683px\" \/><\/a><\/figure><div class=\"elementor-image-box-content\"><h4 class=\"elementor-image-box-title\"><a href=\"https:\/\/jordidelrio.com\/es\/menuda-comedia-2\/\">Menuda comedia<\/a><\/h4><p class=\"elementor-image-box-description\">Una comedia que se pasea por el fascinante universo de un teatro muy particular.<\/p><\/div><\/div>\t\t\t\t<\/div>\n\t\t\t\t<div class=\"elementor-element elementor-element-8b07915 elementor-widget-tablet__width-initial elementor-widget-mobile__width-inherit elementor-widget__width-initial elementor-position-top elementor-widget elementor-widget-image-box\" data-id=\"8b07915\" data-element_type=\"widget\" data-widget_type=\"image-box.default\">\n\t\t\t\t\t<div class=\"elementor-image-box-wrapper\"><figure class=\"elementor-image-box-img\"><a href=\"https:\/\/jordidelrio.com\/es\/l-avi-tonet\/\" tabindex=\"-1\"><img loading=\"lazy\" decoding=\"async\" width=\"683\" height=\"600\" src=\"https:\/\/jordidelrio.com\/wp-content\/uploads\/2025\/08\/avi-tonet.jpg\" class=\"elementor-animation-grow attachment-full size-full wp-image-65\" alt=\"L&#039;avi Tonet\" \/><\/a><\/figure><div class=\"elementor-image-box-content\"><h4 class=\"elementor-image-box-title\"><a href=\"https:\/\/jordidelrio.com\/es\/l-avi-tonet\/\">El abuelo Antonio<\/a><\/h4><p class=\"elementor-image-box-description\">Los recuerdos de un nieto que amaba mucho a su abuelo. Espect\u00e1culo intergeneracional.<\/p><\/div><\/div>\t\t\t\t<\/div>\n\t\t\t\t<div class=\"elementor-element elementor-element-f0e36fd elementor-widget-tablet__width-initial elementor-widget-mobile__width-inherit elementor-widget__width-initial elementor-position-top elementor-widget elementor-widget-image-box\" data-id=\"f0e36fd\" data-element_type=\"widget\" data-widget_type=\"image-box.default\">\n\t\t\t\t\t<div class=\"elementor-image-box-wrapper\"><figure class=\"elementor-image-box-img\"><a href=\"https:\/\/jordidelrio.com\/es\/clic-2\/\" tabindex=\"-1\"><img loading=\"lazy\" decoding=\"async\" width=\"683\" height=\"600\" src=\"https:\/\/jordidelrio.com\/wp-content\/uploads\/2025\/08\/clic.jpg\" class=\"elementor-animation-grow attachment-full size-full wp-image-66\" alt=\"Clic\" \/><\/a><\/figure><div class=\"elementor-image-box-content\"><h4 class=\"elementor-image-box-title\"><a href=\"https:\/\/jordidelrio.com\/es\/clic-2\/\">\u00a1Clic!<\/a><\/h4><p class=\"elementor-image-box-description\">Un divertido recorrido desde que el feto est\u00e0 en la barriga de la madre hasta que llega a ser padre.<\/p><\/div><\/div>\t\t\t\t<\/div>\n\t\t\t\t<\/div>\n\t\t\t\t\t<\/div>\n\t\t\t\t<\/div>\n\t\t\t\t<\/div>","protected":false},"excerpt":{"rendered":"<p>Un escenario vac\u00edo. De repente, llega una furgoneta. \u00a1Ya ha llegado la compa\u00f1\u00eda! Lisanl\u00fassapa y DelRi, son unos comediantes que comparten su pasi\u00f3n por el teatro explicando sus historias. Cinco historias distintas repletas de humor e imaginaci\u00f3n que despiertan las emociones y los sentimientos. Relatos que hablan de amor, sue\u00f1os y fantas\u00edas\u2026 y tambi\u00e9n de bullyng, inmigraci\u00f3n y humanidad. Historias que te har\u00e1n despertar de emoci\u00f3n o de risa. \u00a1O las dos cosas!<\/p>","protected":false},"author":2,"featured_media":0,"parent":0,"menu_order":0,"comment_status":"closed","ping_status":"closed","template":"elementor_header_footer","meta":{"footnotes":""},"class_list":["post-31","page","type-page","status-publish","hentry"],"_links":{"self":[{"href":"https:\/\/jordidelrio.com\/es\/wp-json\/wp\/v2\/pages\/31","targetHints":{"allow":["GET"]}}],"collection":[{"href":"https:\/\/jordidelrio.com\/es\/wp-json\/wp\/v2\/pages"}],"about":[{"href":"https:\/\/jordidelrio.com\/es\/wp-json\/wp\/v2\/types\/page"}],"author":[{"embeddable":true,"href":"https:\/\/jordidelrio.com\/es\/wp-json\/wp\/v2\/users\/2"}],"replies":[{"embeddable":true,"href":"https:\/\/jordidelrio.com\/es\/wp-json\/wp\/v2\/comments?post=31"}],"version-history":[{"count":159,"href":"https:\/\/jordidelrio.com\/es\/wp-json\/wp\/v2\/pages\/31\/revisions"}],"predecessor-version":[{"id":923,"href":"https:\/\/jordidelrio.com\/es\/wp-json\/wp\/v2\/pages\/31\/revisions\/923"}],"wp:attachment":[{"href":"https:\/\/jordidelrio.com\/es\/wp-json\/wp\/v2\/media?parent=31"}],"curies":[{"name":"wp","href":"https:\/\/api.w.org\/{rel}","templated":true}]}}