{"id":35,"date":"2025-08-04T15:42:45","date_gmt":"2025-08-04T15:42:45","guid":{"rendered":"https:\/\/jordidelrio.com\/home\/"},"modified":"2025-10-11T08:08:55","modified_gmt":"2025-10-11T08:08:55","slug":"home","status":"publish","type":"page","link":"https:\/\/jordidelrio.com\/es\/","title":{"rendered":"Companyia Jordi del R\u00edo"},"content":{"rendered":"<div data-elementor-type=\"wp-page\" data-elementor-id=\"35\" class=\"elementor elementor-35\">\n\t\t\t\t<div class=\"elementor-element elementor-element-d5cfde3 e-flex e-con-boxed e-con e-parent\" data-id=\"d5cfde3\" data-element_type=\"container\" id=\"slideshow-container\">\n\t\t\t\t\t<div class=\"e-con-inner\">\n\t\t\t\t<div class=\"elementor-element elementor-element-1dd7e04 elementor-widget elementor-widget-shortcode\" data-id=\"1dd7e04\" data-element_type=\"widget\" data-widget_type=\"shortcode.default\">\n\t\t\t\t\t\t\t<div class=\"elementor-shortcode\"><\/div>\n\t\t\t\t\t\t<\/div>\n\t\t\t\t<div class=\"elementor-element elementor-element-f21c504 logo-slideshow elementor-widget elementor-widget-image\" data-id=\"f21c504\" data-element_type=\"widget\" id=\"logo-slideshow\" data-widget_type=\"image.default\">\n\t\t\t\t\t\t\t\t\t\t\t\t\t\t\t<img decoding=\"async\" width=\"300\" height=\"116\" src=\"https:\/\/jordidelrio.com\/wp-content\/uploads\/2025\/10\/logo-blanc-transparent.png\" class=\"attachment-large size-large wp-image-526\" alt=\"Logo companyia Jordi del Rio\" srcset=\"https:\/\/jordidelrio.com\/wp-content\/uploads\/2025\/10\/logo-blanc-transparent.png 300w, https:\/\/jordidelrio.com\/wp-content\/uploads\/2025\/10\/logo-blanc-transparent-18x7.png 18w\" sizes=\"(max-width: 300px) 100vw, 300px\" \/>\t\t\t\t\t\t\t\t\t\t\t\t\t\t\t<\/div>\n\t\t\t\t\t<\/div>\n\t\t\t\t<\/div>\n\t\t<div class=\"elementor-element elementor-element-76b52626 e-flex e-con-boxed e-con e-parent\" data-id=\"76b52626\" data-element_type=\"container\">\n\t\t\t\t\t<div class=\"e-con-inner\">\n\t\t\t\t<div class=\"elementor-element elementor-element-30e5297 elementor-widget elementor-widget-heading\" data-id=\"30e5297\" data-element_type=\"widget\" data-widget_type=\"heading.default\">\n\t\t\t\t\t<h2 class=\"elementor-heading-title elementor-size-default\">Espect\u00e1culos<\/h2>\t\t\t\t<\/div>\n\t\t\t\t<div class=\"elementor-element elementor-element-ccbb979 elementor-widget elementor-widget-heading\" data-id=\"ccbb979\" data-element_type=\"widget\" data-widget_type=\"heading.default\">\n\t\t\t\t\t<h5 class=\"elementor-heading-title elementor-size-default\">Aqu\u00ed encontrar\u00e1s informaci\u00f3n sobre nuestros espect\u00e1culos.<\/h5>\t\t\t\t<\/div>\n\t\t<div class=\"elementor-element elementor-element-b2d7dbe e-con-full e-flex e-con e-child\" data-id=\"b2d7dbe\" data-element_type=\"container\">\n\t\t\t\t<div class=\"elementor-element elementor-element-43ed2439 elementor-widget-tablet__width-initial elementor-widget-mobile__width-inherit elementor-widget__width-initial elementor-position-top elementor-widget elementor-widget-image-box\" data-id=\"43ed2439\" data-element_type=\"widget\" data-widget_type=\"image-box.default\">\n\t\t\t\t\t<div class=\"elementor-image-box-wrapper\"><figure class=\"elementor-image-box-img\"><a href=\"https:\/\/jordidelrio.com\/index.php\/desperta-2\/\" tabindex=\"-1\"><img fetchpriority=\"high\" decoding=\"async\" width=\"683\" height=\"600\" src=\"https:\/\/jordidelrio.com\/wp-content\/uploads\/2025\/10\/desperta-2.jpg\" class=\"elementor-animation-grow attachment-full size-full wp-image-860\" alt=\"Desperta!\" srcset=\"https:\/\/jordidelrio.com\/wp-content\/uploads\/2025\/10\/desperta-2.jpg 683w, https:\/\/jordidelrio.com\/wp-content\/uploads\/2025\/10\/desperta-2-300x264.jpg 300w, https:\/\/jordidelrio.com\/wp-content\/uploads\/2025\/10\/desperta-2-14x12.jpg 14w\" sizes=\"(max-width: 683px) 100vw, 683px\" \/><\/a><\/figure><div class=\"elementor-image-box-content\"><h4 class=\"elementor-image-box-title\"><a href=\"https:\/\/jordidelrio.com\/index.php\/desperta-2\/\">\u00a1Despierta!<\/a><\/h4><p class=\"elementor-image-box-description\">Historias que te har\u00e1n despertar de emoci\u00f3n o de risa \u00a1O las dos cosas!<\/p><\/div><\/div>\t\t\t\t<\/div>\n\t\t\t\t<div class=\"elementor-element elementor-element-3afe9b04 elementor-widget-tablet__width-initial elementor-widget-mobile__width-inherit elementor-widget__width-initial elementor-position-top elementor-widget elementor-widget-image-box\" data-id=\"3afe9b04\" data-element_type=\"widget\" data-widget_type=\"image-box.default\">\n\t\t\t\t\t<div class=\"elementor-image-box-wrapper\"><figure class=\"elementor-image-box-img\"><a href=\"https:\/\/jordidelrio.com\/es\/ludus-2\/\" tabindex=\"-1\"><img decoding=\"async\" width=\"683\" height=\"600\" src=\"https:\/\/jordidelrio.com\/wp-content\/uploads\/2025\/08\/ludus.jpg\" class=\"elementor-animation-grow attachment-full size-full wp-image-68\" alt=\"Ludus\" \/><\/a><\/figure><div class=\"elementor-image-box-content\"><h4 class=\"elementor-image-box-title\"><a href=\"https:\/\/jordidelrio.com\/es\/ludus-2\/\">Ludus<\/a><\/h4><p class=\"elementor-image-box-description\">\u00a1Todo est\u00e0 listo para empezar! \u00a1S\u00f3lo necesitas una maleta y dejarte llevar! Espect\u00e1culo de calle.<\/p><\/div><\/div>\t\t\t\t<\/div>\n\t\t\t\t<div class=\"elementor-element elementor-element-4013ea92 elementor-widget-tablet__width-initial elementor-widget-mobile__width-inherit elementor-widget__width-initial elementor-position-top elementor-widget elementor-widget-image-box\" data-id=\"4013ea92\" data-element_type=\"widget\" data-widget_type=\"image-box.default\">\n\t\t\t\t\t<div class=\"elementor-image-box-wrapper\"><figure class=\"elementor-image-box-img\"><a href=\"https:\/\/jordidelrio.com\/es\/menuda-comedia-2\/\" tabindex=\"-1\"><img loading=\"lazy\" decoding=\"async\" width=\"683\" height=\"600\" src=\"https:\/\/jordidelrio.com\/wp-content\/uploads\/2025\/10\/menuda-comedia-2.jpg\" class=\"elementor-animation-grow attachment-full size-full wp-image-861\" alt=\"Menuda com\u00e8dia\" srcset=\"https:\/\/jordidelrio.com\/wp-content\/uploads\/2025\/10\/menuda-comedia-2.jpg 683w, https:\/\/jordidelrio.com\/wp-content\/uploads\/2025\/10\/menuda-comedia-2-300x264.jpg 300w, https:\/\/jordidelrio.com\/wp-content\/uploads\/2025\/10\/menuda-comedia-2-14x12.jpg 14w\" sizes=\"(max-width: 683px) 100vw, 683px\" \/><\/a><\/figure><div class=\"elementor-image-box-content\"><h4 class=\"elementor-image-box-title\"><a href=\"https:\/\/jordidelrio.com\/es\/menuda-comedia-2\/\">Menuda comedia<\/a><\/h4><p class=\"elementor-image-box-description\">Una comedia que se pasea por el fascinante universo de un teatro muy particular.<\/p><\/div><\/div>\t\t\t\t<\/div>\n\t\t\t\t<div class=\"elementor-element elementor-element-580d492f elementor-widget-tablet__width-initial elementor-widget-mobile__width-inherit elementor-widget__width-initial elementor-position-top elementor-widget elementor-widget-image-box\" data-id=\"580d492f\" data-element_type=\"widget\" data-widget_type=\"image-box.default\">\n\t\t\t\t\t<div class=\"elementor-image-box-wrapper\"><figure class=\"elementor-image-box-img\"><a href=\"https:\/\/jordidelrio.com\/es\/l-avi-tonet\/\" tabindex=\"-1\"><img loading=\"lazy\" decoding=\"async\" width=\"683\" height=\"600\" src=\"https:\/\/jordidelrio.com\/wp-content\/uploads\/2025\/08\/avi-tonet.jpg\" class=\"elementor-animation-grow attachment-full size-full wp-image-65\" alt=\"L&#039;avi Tonet\" \/><\/a><\/figure><div class=\"elementor-image-box-content\"><h4 class=\"elementor-image-box-title\"><a href=\"https:\/\/jordidelrio.com\/es\/l-avi-tonet\/\">El abuelo Antonio<\/a><\/h4><p class=\"elementor-image-box-description\">Los recuerdos de un nieto que amaba mucho a su abuelo. Espect\u00e1culo intergeneracional.<\/p><\/div><\/div>\t\t\t\t<\/div>\n\t\t\t\t<div class=\"elementor-element elementor-element-63c6696 elementor-widget-tablet__width-initial elementor-widget-mobile__width-inherit elementor-widget__width-initial elementor-position-top elementor-widget elementor-widget-image-box\" data-id=\"63c6696\" data-element_type=\"widget\" data-widget_type=\"image-box.default\">\n\t\t\t\t\t<div class=\"elementor-image-box-wrapper\"><figure class=\"elementor-image-box-img\"><a href=\"https:\/\/jordidelrio.com\/es\/clic-2\/\" tabindex=\"-1\"><img loading=\"lazy\" decoding=\"async\" width=\"683\" height=\"600\" src=\"https:\/\/jordidelrio.com\/wp-content\/uploads\/2025\/08\/clic.jpg\" class=\"elementor-animation-grow attachment-full size-full wp-image-66\" alt=\"Clic\" \/><\/a><\/figure><div class=\"elementor-image-box-content\"><h4 class=\"elementor-image-box-title\"><a href=\"https:\/\/jordidelrio.com\/es\/clic-2\/\">\u00a1Clic!<\/a><\/h4><p class=\"elementor-image-box-description\">Un divertido recorrido desde que el feto est\u00e0 en la barriga de la madre hasta que llega a ser padre.<\/p><\/div><\/div>\t\t\t\t<\/div>\n\t\t\t\t<\/div>\n\t\t\t\t\t<\/div>\n\t\t\t\t<\/div>\n\t\t<div class=\"elementor-element elementor-element-8875814 e-flex e-con-boxed e-con e-parent\" data-id=\"8875814\" data-element_type=\"container\">\n\t\t\t\t\t<div class=\"e-con-inner\">\n\t\t\t\t<div class=\"elementor-element elementor-element-24e0bbd elementor-widget-divider--view-line elementor-widget elementor-widget-divider\" data-id=\"24e0bbd\" data-element_type=\"widget\" data-widget_type=\"divider.default\">\n\t\t\t\t\t\t\t<div class=\"elementor-divider\">\n\t\t\t<span class=\"elementor-divider-separator\">\n\t\t\t\t\t\t<\/span>\n\t\t<\/div>\n\t\t\t\t\t\t<\/div>\n\t\t\t\t\t<\/div>\n\t\t\t\t<\/div>\n\t\t<div class=\"elementor-element elementor-element-4c3cac6b e-flex e-con-boxed e-con e-parent\" data-id=\"4c3cac6b\" data-element_type=\"container\">\n\t\t\t\t\t<div class=\"e-con-inner\">\n\t\t<div class=\"elementor-element elementor-element-34530233 e-con-full e-flex e-con e-child\" data-id=\"34530233\" data-element_type=\"container\">\n\t\t\t\t<div class=\"elementor-element elementor-element-48851cd elementor-widget elementor-widget-image\" data-id=\"48851cd\" data-element_type=\"widget\" id=\"about-img\" data-widget_type=\"image.default\">\n\t\t\t\t\t\t\t\t\t\t\t\t\t\t\t<img loading=\"lazy\" decoding=\"async\" width=\"683\" height=\"600\" src=\"https:\/\/jordidelrio.com\/wp-content\/uploads\/2025\/10\/09-desperta.jpg\" class=\"attachment-large size-large wp-image-544\" alt=\"Companyia Jordi del Rio\" srcset=\"https:\/\/jordidelrio.com\/wp-content\/uploads\/2025\/10\/09-desperta.jpg 683w, https:\/\/jordidelrio.com\/wp-content\/uploads\/2025\/10\/09-desperta-300x264.jpg 300w, https:\/\/jordidelrio.com\/wp-content\/uploads\/2025\/10\/09-desperta-14x12.jpg 14w\" sizes=\"(max-width: 683px) 100vw, 683px\" \/>\t\t\t\t\t\t\t\t\t\t\t\t\t\t\t<\/div>\n\t\t\t\t<\/div>\n\t\t<div class=\"elementor-element elementor-element-38737bf9 e-con-full e-flex e-con e-child\" data-id=\"38737bf9\" data-element_type=\"container\">\n\t\t\t\t<div class=\"elementor-element elementor-element-4fa4a666 elementor-widget elementor-widget-heading\" data-id=\"4fa4a666\" data-element_type=\"widget\" data-widget_type=\"heading.default\">\n\t\t\t\t\t<h2 class=\"elementor-heading-title elementor-size-default\">Compa\u00f1\u00eda Jordi del Rio<\/h2>\t\t\t\t<\/div>\n\t\t\t\t<div class=\"elementor-element elementor-element-3e691c69 elementor-widget elementor-widget-text-editor\" data-id=\"3e691c69\" data-element_type=\"widget\" data-widget_type=\"text-editor.default\">\n\t\t\t\t\t\t\t\t\t<p>La companyia nace en 2012 en Art\u00e9s, de la mano del actor y clown <strong>Jordi del Rio<\/strong>que inicia un nuevo camino y abre las puertas de su particular mundo para producir espect\u00e1culos de creaci\u00f3n propia dirigidos a p\u00fablico familiar y escolar. Espect\u00e1culos hechos artesanalmente, con amor y sobretodo con mucho humor. El<strong>humor<\/strong> es la base de todas las creaciones, combinando la imaginaci\u00f3n y la ternura. Utilizando y mezclando diversas t\u00e9cnicas: a parte del texto, la comedia, el clown, o el mimo, tambi\u00e9n utiliza otras t\u00e9cnicas como la manipulaci\u00f3n de objetos, el juego coreogr\u00e1fico, y una esmerada banda sonora, que da la posibilidad de trasladar al espectador a los ambientes propuestos, de una manera sencilla y efectiva. Combinando los efectos en off, con las onomatopeyas que se realizan en directo.<\/p>\t\t\t\t\t\t\t\t<\/div>\n\t\t\t\t<div class=\"elementor-element elementor-element-177f164e elementor-mobile-align-center elementor-tablet-align-center elementor-invisible elementor-widget elementor-widget-button\" data-id=\"177f164e\" data-element_type=\"widget\" data-settings=\"{&quot;_animation&quot;:&quot;fadeIn&quot;}\" data-widget_type=\"button.default\">\n\t\t\t\t\t\t\t\t\t\t<a class=\"elementor-button elementor-button-link elementor-size-sm\" href=\"https:\/\/jordidelrio.com\/index.php\/qui-som\/\">\n\t\t\t\t\t\t<span class=\"elementor-button-content-wrapper\">\n\t\t\t\t\t\t\t\t\t<span class=\"elementor-button-text\">Saber m\u00e1s<\/span>\n\t\t\t\t\t<\/span>\n\t\t\t\t\t<\/a>\n\t\t\t\t\t\t\t\t<\/div>\n\t\t\t\t<\/div>\n\t\t\t\t\t<\/div>\n\t\t\t\t<\/div>\n\t\t\t\t<\/div>","protected":false},"excerpt":{"rendered":"<p>La companyia neix al 2012 a Art\u00e9s, de la m\u00e0 de l\u2019actor i clown Jordi del Rio, que inicia un nou cam\u00ed, i obre les portes del seu particular m\u00f3n per produir espectacles de creaci\u00f3 pr\u00f2pia adre\u00e7ats a p\u00fablic familiar i escolar. Espectacles fets artesanalment, amb amor i sobretot amb molt d\u2019humor<\/p>","protected":false},"author":2,"featured_media":0,"parent":0,"menu_order":0,"comment_status":"closed","ping_status":"closed","template":"elementor_header_footer","meta":{"footnotes":""},"class_list":["post-35","page","type-page","status-publish","hentry"],"_links":{"self":[{"href":"https:\/\/jordidelrio.com\/es\/wp-json\/wp\/v2\/pages\/35","targetHints":{"allow":["GET"]}}],"collection":[{"href":"https:\/\/jordidelrio.com\/es\/wp-json\/wp\/v2\/pages"}],"about":[{"href":"https:\/\/jordidelrio.com\/es\/wp-json\/wp\/v2\/types\/page"}],"author":[{"embeddable":true,"href":"https:\/\/jordidelrio.com\/es\/wp-json\/wp\/v2\/users\/2"}],"replies":[{"embeddable":true,"href":"https:\/\/jordidelrio.com\/es\/wp-json\/wp\/v2\/comments?post=35"}],"version-history":[{"count":199,"href":"https:\/\/jordidelrio.com\/es\/wp-json\/wp\/v2\/pages\/35\/revisions"}],"predecessor-version":[{"id":926,"href":"https:\/\/jordidelrio.com\/es\/wp-json\/wp\/v2\/pages\/35\/revisions\/926"}],"wp:attachment":[{"href":"https:\/\/jordidelrio.com\/es\/wp-json\/wp\/v2\/media?parent=35"}],"curies":[{"name":"wp","href":"https:\/\/api.w.org\/{rel}","templated":true}]}}