{"id":448,"date":"2025-09-04T10:06:14","date_gmt":"2025-09-04T10:06:14","guid":{"rendered":"https:\/\/jordidelrio.com\/?page_id=448"},"modified":"2025-10-10T16:19:11","modified_gmt":"2025-10-10T16:19:11","slug":"espectacles","status":"publish","type":"page","link":"https:\/\/jordidelrio.com\/es\/espectacles\/","title":{"rendered":"Espect\u00e1culos"},"content":{"rendered":"<div data-elementor-type=\"wp-page\" data-elementor-id=\"448\" class=\"elementor elementor-448\">\n\t\t\t\t<div class=\"elementor-element elementor-element-f47a41e e-flex e-con-boxed e-con e-parent\" data-id=\"f47a41e\" data-element_type=\"container\" data-settings=\"{&quot;background_background&quot;:&quot;classic&quot;}\">\n\t\t\t\t\t<div class=\"e-con-inner\">\n\t\t\t\t\t<\/div>\n\t\t\t\t<\/div>\n\t\t<div class=\"elementor-element elementor-element-afb156c e-flex e-con-boxed e-con e-parent\" data-id=\"afb156c\" data-element_type=\"container\">\n\t\t\t\t\t<div class=\"e-con-inner\">\n\t\t\t\t<div class=\"elementor-element elementor-element-126ac92 elementor-widget elementor-widget-heading\" data-id=\"126ac92\" data-element_type=\"widget\" data-widget_type=\"heading.default\">\n\t\t\t\t\t<h2 class=\"elementor-heading-title elementor-size-default\">Espect\u00e1culos<\/h2>\t\t\t\t<\/div>\n\t\t\t\t<div class=\"elementor-element elementor-element-dd3dc9f elementor-widget elementor-widget-heading\" data-id=\"dd3dc9f\" data-element_type=\"widget\" data-widget_type=\"heading.default\">\n\t\t\t\t\t<h5 class=\"elementor-heading-title elementor-size-default\">Aqu\u00ed encontrar\u00e1s informaci\u00f3n sobre nuestros espect\u00e1culos.<\/h5>\t\t\t\t<\/div>\n\t\t<div class=\"elementor-element elementor-element-f8e71f5 e-con-full e-flex e-con e-child\" data-id=\"f8e71f5\" data-element_type=\"container\">\n\t\t\t\t<div class=\"elementor-element elementor-element-a976251 elementor-widget-tablet__width-initial elementor-widget-mobile__width-inherit elementor-widget__width-initial elementor-position-top elementor-widget elementor-widget-image-box\" data-id=\"a976251\" data-element_type=\"widget\" data-widget_type=\"image-box.default\">\n\t\t\t\t\t<div class=\"elementor-image-box-wrapper\"><figure class=\"elementor-image-box-img\"><a href=\"https:\/\/jordidelrio.com\/es\/desperta-2\/\" tabindex=\"-1\"><img fetchpriority=\"high\" decoding=\"async\" width=\"683\" height=\"600\" src=\"https:\/\/jordidelrio.com\/wp-content\/uploads\/2025\/10\/desperta-2.jpg\" class=\"elementor-animation-grow attachment-full size-full wp-image-860\" alt=\"Desperta!\" srcset=\"https:\/\/jordidelrio.com\/wp-content\/uploads\/2025\/10\/desperta-2.jpg 683w, https:\/\/jordidelrio.com\/wp-content\/uploads\/2025\/10\/desperta-2-300x264.jpg 300w, https:\/\/jordidelrio.com\/wp-content\/uploads\/2025\/10\/desperta-2-14x12.jpg 14w\" sizes=\"(max-width: 683px) 100vw, 683px\" \/><\/a><\/figure><div class=\"elementor-image-box-content\"><h4 class=\"elementor-image-box-title\"><a href=\"https:\/\/jordidelrio.com\/es\/desperta-2\/\">\u00a1Despierta!<\/a><\/h4><p class=\"elementor-image-box-description\">Historias que te har\u00e1n despertar de emoci\u00f3n o de risa \u00a1O las dos cosas!<\/p><\/div><\/div>\t\t\t\t<\/div>\n\t\t\t\t<div class=\"elementor-element elementor-element-67a8fcf elementor-widget-tablet__width-initial elementor-widget-mobile__width-inherit elementor-widget__width-initial elementor-position-top elementor-widget elementor-widget-image-box\" data-id=\"67a8fcf\" data-element_type=\"widget\" data-widget_type=\"image-box.default\">\n\t\t\t\t\t<div class=\"elementor-image-box-wrapper\"><figure class=\"elementor-image-box-img\"><a href=\"https:\/\/jordidelrio.com\/es\/ludus-2\/\" tabindex=\"-1\"><img decoding=\"async\" width=\"683\" height=\"600\" src=\"https:\/\/jordidelrio.com\/wp-content\/uploads\/2025\/08\/ludus.jpg\" class=\"elementor-animation-grow attachment-full size-full wp-image-68\" alt=\"Ludus\" \/><\/a><\/figure><div class=\"elementor-image-box-content\"><h4 class=\"elementor-image-box-title\"><a href=\"https:\/\/jordidelrio.com\/es\/ludus-2\/\">Ludus<\/a><\/h4><p class=\"elementor-image-box-description\">\u00a1Todo est\u00e0 listo para empezar! \u00a1S\u00f3lo necesitas una maleta y dejarte llevar! Espect\u00e1culo de calle.<\/p><\/div><\/div>\t\t\t\t<\/div>\n\t\t\t\t<div class=\"elementor-element elementor-element-ea7157b elementor-widget-tablet__width-initial elementor-widget-mobile__width-inherit elementor-widget__width-initial elementor-position-top elementor-widget elementor-widget-image-box\" data-id=\"ea7157b\" data-element_type=\"widget\" data-widget_type=\"image-box.default\">\n\t\t\t\t\t<div class=\"elementor-image-box-wrapper\"><figure class=\"elementor-image-box-img\"><a href=\"https:\/\/jordidelrio.com\/es\/menuda-comedia-2\/\" tabindex=\"-1\"><img decoding=\"async\" width=\"683\" height=\"600\" src=\"https:\/\/jordidelrio.com\/wp-content\/uploads\/2025\/10\/menuda-comedia-2.jpg\" class=\"elementor-animation-grow attachment-full size-full wp-image-861\" alt=\"Menuda com\u00e8dia\" srcset=\"https:\/\/jordidelrio.com\/wp-content\/uploads\/2025\/10\/menuda-comedia-2.jpg 683w, https:\/\/jordidelrio.com\/wp-content\/uploads\/2025\/10\/menuda-comedia-2-300x264.jpg 300w, https:\/\/jordidelrio.com\/wp-content\/uploads\/2025\/10\/menuda-comedia-2-14x12.jpg 14w\" sizes=\"(max-width: 683px) 100vw, 683px\" \/><\/a><\/figure><div class=\"elementor-image-box-content\"><h4 class=\"elementor-image-box-title\"><a href=\"https:\/\/jordidelrio.com\/es\/menuda-comedia-2\/\">Menuda comedia<\/a><\/h4><p class=\"elementor-image-box-description\">Una comedia que se pasea por el fascinante universo de un teatro muy particular.<\/p><\/div><\/div>\t\t\t\t<\/div>\n\t\t\t\t<div class=\"elementor-element elementor-element-07321cb elementor-widget-tablet__width-initial elementor-widget-mobile__width-inherit elementor-widget__width-initial elementor-position-top elementor-widget elementor-widget-image-box\" data-id=\"07321cb\" data-element_type=\"widget\" data-widget_type=\"image-box.default\">\n\t\t\t\t\t<div class=\"elementor-image-box-wrapper\"><figure class=\"elementor-image-box-img\"><a href=\"https:\/\/jordidelrio.com\/es\/l-avi-tonet\/\" tabindex=\"-1\"><img loading=\"lazy\" decoding=\"async\" width=\"683\" height=\"600\" src=\"https:\/\/jordidelrio.com\/wp-content\/uploads\/2025\/08\/avi-tonet.jpg\" class=\"elementor-animation-grow attachment-full size-full wp-image-65\" alt=\"L&#039;avi Tonet\" \/><\/a><\/figure><div class=\"elementor-image-box-content\"><h4 class=\"elementor-image-box-title\"><a href=\"https:\/\/jordidelrio.com\/es\/l-avi-tonet\/\">El abuelo Antonio<\/a><\/h4><p class=\"elementor-image-box-description\">Los recuerdos de un nieto que amaba mucho a su abuelo. Espect\u00e1culo intergeneracional.<\/p><\/div><\/div>\t\t\t\t<\/div>\n\t\t\t\t<div class=\"elementor-element elementor-element-41a5c12 elementor-widget-tablet__width-initial elementor-widget-mobile__width-inherit elementor-widget__width-initial elementor-position-top elementor-widget elementor-widget-image-box\" data-id=\"41a5c12\" data-element_type=\"widget\" data-widget_type=\"image-box.default\">\n\t\t\t\t\t<div class=\"elementor-image-box-wrapper\"><figure class=\"elementor-image-box-img\"><a href=\"https:\/\/jordidelrio.com\/es\/clic-2\/\" tabindex=\"-1\"><img loading=\"lazy\" decoding=\"async\" width=\"683\" height=\"600\" src=\"https:\/\/jordidelrio.com\/wp-content\/uploads\/2025\/08\/clic.jpg\" class=\"elementor-animation-grow attachment-full size-full wp-image-66\" alt=\"Clic\" \/><\/a><\/figure><div class=\"elementor-image-box-content\"><h4 class=\"elementor-image-box-title\"><a href=\"https:\/\/jordidelrio.com\/es\/clic-2\/\">\u00a1Clic!<\/a><\/h4><p class=\"elementor-image-box-description\">Un divertido recorrido desde que el feto est\u00e0 en la barriga de la madre hasta que llega a ser padre.<\/p><\/div><\/div>\t\t\t\t<\/div>\n\t\t\t\t<\/div>\n\t\t\t\t\t<\/div>\n\t\t\t\t<\/div>\n\t\t\t\t<\/div>","protected":false},"excerpt":{"rendered":"<p>Aquests s\u00f3n els espectacles que ofereix actualment la companyia Jordi del Rio<\/p>","protected":false},"author":2,"featured_media":239,"parent":0,"menu_order":0,"comment_status":"closed","ping_status":"closed","template":"","meta":{"footnotes":""},"class_list":["post-448","page","type-page","status-publish","has-post-thumbnail","hentry"],"_links":{"self":[{"href":"https:\/\/jordidelrio.com\/es\/wp-json\/wp\/v2\/pages\/448","targetHints":{"allow":["GET"]}}],"collection":[{"href":"https:\/\/jordidelrio.com\/es\/wp-json\/wp\/v2\/pages"}],"about":[{"href":"https:\/\/jordidelrio.com\/es\/wp-json\/wp\/v2\/types\/page"}],"author":[{"embeddable":true,"href":"https:\/\/jordidelrio.com\/es\/wp-json\/wp\/v2\/users\/2"}],"replies":[{"embeddable":true,"href":"https:\/\/jordidelrio.com\/es\/wp-json\/wp\/v2\/comments?post=448"}],"version-history":[{"count":16,"href":"https:\/\/jordidelrio.com\/es\/wp-json\/wp\/v2\/pages\/448\/revisions"}],"predecessor-version":[{"id":873,"href":"https:\/\/jordidelrio.com\/es\/wp-json\/wp\/v2\/pages\/448\/revisions\/873"}],"wp:featuredmedia":[{"embeddable":true,"href":"https:\/\/jordidelrio.com\/es\/wp-json\/wp\/v2\/media\/239"}],"wp:attachment":[{"href":"https:\/\/jordidelrio.com\/es\/wp-json\/wp\/v2\/media?parent=448"}],"curies":[{"name":"wp","href":"https:\/\/api.w.org\/{rel}","templated":true}]}}