{"id":459,"date":"2025-09-06T16:55:04","date_gmt":"2025-09-06T16:55:04","guid":{"rendered":"https:\/\/jordidelrio.com\/?page_id=459"},"modified":"2025-10-11T08:12:30","modified_gmt":"2025-10-11T08:12:30","slug":"politica-de-privadesa","status":"publish","type":"page","link":"https:\/\/jordidelrio.com\/es\/politica-de-privadesa\/","title":{"rendered":"Pol\u00edtica de privacidad"},"content":{"rendered":"<div data-elementor-type=\"wp-page\" data-elementor-id=\"459\" class=\"elementor elementor-459\">\n\t\t\t\t<div class=\"elementor-element elementor-element-4d69392 e-flex e-con-boxed e-con e-parent\" data-id=\"4d69392\" data-element_type=\"container\" data-settings=\"{&quot;background_background&quot;:&quot;classic&quot;}\">\n\t\t\t\t\t<div class=\"e-con-inner\">\n\t\t\t\t\t<\/div>\n\t\t\t\t<\/div>\n\t\t<div class=\"elementor-element elementor-element-d5cd263 e-flex e-con-boxed e-con e-parent\" data-id=\"d5cd263\" data-element_type=\"container\">\n\t\t\t\t\t<div class=\"e-con-inner\">\n\t\t\t\t<div class=\"elementor-element elementor-element-203886b elementor-widget elementor-widget-heading\" data-id=\"203886b\" data-element_type=\"widget\" data-widget_type=\"heading.default\">\n\t\t\t\t\t<h1 class=\"elementor-heading-title elementor-size-default\">Pol\u00edtica de privacidad<\/h1>\t\t\t\t<\/div>\n\t\t\t\t<div class=\"elementor-element elementor-element-ef002d5 elementor-widget elementor-widget-text-editor\" data-id=\"ef002d5\" data-element_type=\"widget\" data-widget_type=\"text-editor.default\">\n\t\t\t\t\t\t\t\t\t<p><strong>Responsable Tratamiento<\/strong>: Compa\u00f1\u00eda Jordi del Rio. Tel\u00e9fono 629 706 256 y e-mail: jordidelrio@jordidelrio.com<\/p><h3>FINALIDAD<\/h3><p>La finalidad de la creaci\u00f3n, existencia y mantenimiento es el tratamiento de los datos con la exclusiva finalidad de poder hacer efectivo nuestro servicio, y realizar la facturaci\u00f3n del mismo.<\/p><h3>LEGITIMACI\u00d3N<\/h3><p>La base legal para el tratamiento de sus datos es la ejecuci\u00f3n de la prestaci\u00f3n del servicio entre el titular del dato y el responsable del tratamiento y la informaci\u00f3n personal se conservar\u00e1 mientras se mantenga la prestaci\u00f3n del mismo o durante el tiempo estrictamente necesario para cumplir con las obligaciones legales.<\/p><h3>PERIODO DE CONSERVACI\u00d3N<\/h3><p>Los datos proporcionados se conservar\u00e1n mientras se mantenga la prestaci\u00f3n del servicio o durante los a\u00f1os necesarios para cumplir con las obligaciones legales<\/p><h3>DESTINATARIOS<\/h3><p>Mientras dure el tratamiento de los datos del interesado, Compa\u00f1\u00eda Jordi del Rio no ceder\u00e1 los datos a terceros, salvo que exista obligaci\u00f3n legal.<\/p><p>En los supuestos que, para la realizaci\u00f3n de tratamientos de tipo administrativo, fiscal, contable y\/o comercial, se cuente con los servicios de terceros, se formalizar\u00e1 debidamente el preceptivo contrato de encargado de tratamiento, con el fin de garantizar la seguridad y confidencialidad de los datos del interesado frente a terceros.<\/p><h3>DERECHOS<\/h3><p>Las personas interesadas tienen derecho a acceder a sus datos de car\u00e1cter personal, as\u00ed como a solicitar su rectificaci\u00f3n de las inexactas o, en su caso, solicitar la supresi\u00f3n cuando, entre otros motivos, los datos ya no sean necesarios para la finalidad que fueron entregados, as\u00ed como retirar el consentimiento otorgado. Tambi\u00e9n puede ejercer su derecho a la limitaci\u00f3n del tratamiento, por lo que sus datos no ser\u00e1n suprimidos pero el tratamiento de los mismos estar\u00e1 sujeto a limitaciones.<\/p><p>Los ejercicios de portabilidad y automatizaci\u00f3n de decisiones no aplican en este caso por la tipolog\u00eda de datos y tratamiento de los mismos.<\/p>\t\t\t\t\t\t\t\t<\/div>\n\t\t\t\t\t<\/div>\n\t\t\t\t<\/div>\n\t\t\t\t<\/div>","protected":false},"excerpt":{"rendered":"<p>Pol\u00edtica de privadesa del lloc web de la companyia Jordi del Rio<\/p>","protected":false},"author":2,"featured_media":0,"parent":0,"menu_order":0,"comment_status":"closed","ping_status":"closed","template":"","meta":{"footnotes":""},"class_list":["post-459","page","type-page","status-publish","hentry"],"_links":{"self":[{"href":"https:\/\/jordidelrio.com\/es\/wp-json\/wp\/v2\/pages\/459","targetHints":{"allow":["GET"]}}],"collection":[{"href":"https:\/\/jordidelrio.com\/es\/wp-json\/wp\/v2\/pages"}],"about":[{"href":"https:\/\/jordidelrio.com\/es\/wp-json\/wp\/v2\/types\/page"}],"author":[{"embeddable":true,"href":"https:\/\/jordidelrio.com\/es\/wp-json\/wp\/v2\/users\/2"}],"replies":[{"embeddable":true,"href":"https:\/\/jordidelrio.com\/es\/wp-json\/wp\/v2\/comments?post=459"}],"version-history":[{"count":17,"href":"https:\/\/jordidelrio.com\/es\/wp-json\/wp\/v2\/pages\/459\/revisions"}],"predecessor-version":[{"id":939,"href":"https:\/\/jordidelrio.com\/es\/wp-json\/wp\/v2\/pages\/459\/revisions\/939"}],"wp:attachment":[{"href":"https:\/\/jordidelrio.com\/es\/wp-json\/wp\/v2\/media?parent=459"}],"curies":[{"name":"wp","href":"https:\/\/api.w.org\/{rel}","templated":true}]}}