{"id":475,"date":"2025-09-06T17:08:33","date_gmt":"2025-09-06T17:08:33","guid":{"rendered":"https:\/\/jordidelrio.com\/?page_id=475"},"modified":"2025-10-11T08:13:05","modified_gmt":"2025-10-11T08:13:05","slug":"avis-legal","status":"publish","type":"page","link":"https:\/\/jordidelrio.com\/es\/avis-legal\/","title":{"rendered":"Aviso legal"},"content":{"rendered":"<div data-elementor-type=\"wp-page\" data-elementor-id=\"475\" class=\"elementor elementor-475\">\n\t\t\t\t<div class=\"elementor-element elementor-element-b200b92 e-flex e-con-boxed e-con e-parent\" data-id=\"b200b92\" data-element_type=\"container\" data-settings=\"{&quot;background_background&quot;:&quot;classic&quot;}\">\n\t\t\t\t\t<div class=\"e-con-inner\">\n\t\t\t\t\t<\/div>\n\t\t\t\t<\/div>\n\t\t<div class=\"elementor-element elementor-element-c8aa4d0 e-flex e-con-boxed e-con e-parent\" data-id=\"c8aa4d0\" data-element_type=\"container\">\n\t\t\t\t\t<div class=\"e-con-inner\">\n\t\t\t\t<div class=\"elementor-element elementor-element-38fb390 elementor-widget elementor-widget-heading\" data-id=\"38fb390\" data-element_type=\"widget\" data-widget_type=\"heading.default\">\n\t\t\t\t\t<h1 class=\"elementor-heading-title elementor-size-default\">Aviso legal<\/h1>\t\t\t\t<\/div>\n\t\t\t\t<div class=\"elementor-element elementor-element-367e2da elementor-widget elementor-widget-text-editor\" data-id=\"367e2da\" data-element_type=\"widget\" data-widget_type=\"text-editor.default\">\n\t\t\t\t\t\t\t\t\t<p>El prop\u00f3sito de este Aviso Legal es informar a los usuarios de jordidelrio.com, de cu\u00e1l es su pol\u00edtica de protecci\u00f3n de la privacidad y confidencialidad de los datos de car\u00e1cter personal que sus usuarios facilitan de forma libre y voluntaria.<\/p><p>Compa\u00f1\u00eda Jordi del Rio pone en conocimiento que dispone de sus datos de car\u00e1cter personal especificados en el correspondiente registro de actividades del tratamiento de la empresa denominado Gesti\u00f3n de Usuarios Web.<\/p><p>La base legal para el tratamiento de sus datos es el consentimiento obtenido del propio titular del tratamiento en el momento de cumplimentar nuestro formulario online y aceptar de forma expresa el mismo.<\/p><p>La finalidad de la creaci\u00f3n, existencia y mantenimiento es el tratamiento de la informaci\u00f3n con los exclusivos fines de poder hacer efectiva la solicitud de informaci\u00f3n que se realiza a trav\u00e9s de esta v\u00eda.<\/p><p>Los destinatarios de la informaci\u00f3n son todos los departamentos, compartimentos, locales y entidades asociadas en los que se organizan Compa\u00f1\u00eda Jordi del Rio y no ser\u00e1n cedidos a ning\u00fan tercero salvo en los casos en que existe una obligaci\u00f3n legal.<\/p><p>En cualquier caso, usted tiene derecho a obtener la confirmaci\u00f3n sobre si en Compa\u00f1\u00eda Jordi del Rio, estamos tratando sus datos personales. Por tanto tiene derecho a acceder a sus datos personales, rectificar los datos inexactos o solicitar su supresi\u00f3n cuando la informaci\u00f3n ya no sea necesaria.<\/p><p>Todos los campos del formulario on-line marcados con un asterisco son de obligada aceptaci\u00f3n para poder hacer efectiva su solicitud de informaci\u00f3n.<\/p><p>La web jordidelrio.com ha adoptado las medidas de \u00edndole t\u00e9cnica y organizativas necesarias, seg\u00fan el nivel de seguridad de protecci\u00f3n de datos que corresponda legalmente, para garantizar la seguridad del tratamiento de datos de car\u00e1cter personal que constituye su tratamiento automatizado. Sin embargo, el usuario debe ser consciente de que en la actualidad las medidas de seguridad en Internet son imprevisibles y por tanto no est\u00e1n exentas de posibles intromisiones ilegales e indebidas, que no ser\u00edan responsabilidad de Compa\u00f1\u00eda Jordi del Rio, ya que ha actuado con la diligencia debida para proteger los datos conforme determina la ley.<\/p><p>La pol\u00edtica de cookies de la web jordidelrio.com est\u00e1 determinada en el correspondiente apartado.<\/p><p>La web jordidelrio.com har\u00e1 todo lo posible para que su informaci\u00f3n est\u00e9 siempre actualizada. No obstante, la responsabilidad sobre la calidad de los datos depende del titular de los mismos, de ah\u00ed que si existe una modificaci\u00f3n de los datos, el usuario de la web los comunicar\u00e1 al Responsable del Tratamiento, declinando toda responsabilidad en caso de que omita su obligaci\u00f3n de notificar los cambios.<\/p><p>La prestaci\u00f3n del servicio de este sitio web y las presentes condiciones de uso del sitio web se rigen por la Ley Espa\u00f1ola.<\/p><p>Por cualquier discrepancia en la ejecuci\u00f3n, interpretaci\u00f3n, cumplimiento de estas condiciones, las partes se someten a los Juzgados y Tribunales competentes.<\/p>\t\t\t\t\t\t\t\t<\/div>\n\t\t\t\t\t<\/div>\n\t\t\t\t<\/div>\n\t\t\t\t<\/div>","protected":false},"excerpt":{"rendered":"<p>Av\u00eds legal del web de la companyia Jordi del R\u00edo<\/p>","protected":false},"author":2,"featured_media":0,"parent":0,"menu_order":0,"comment_status":"closed","ping_status":"closed","template":"","meta":{"footnotes":""},"class_list":["post-475","page","type-page","status-publish","hentry"],"_links":{"self":[{"href":"https:\/\/jordidelrio.com\/es\/wp-json\/wp\/v2\/pages\/475","targetHints":{"allow":["GET"]}}],"collection":[{"href":"https:\/\/jordidelrio.com\/es\/wp-json\/wp\/v2\/pages"}],"about":[{"href":"https:\/\/jordidelrio.com\/es\/wp-json\/wp\/v2\/types\/page"}],"author":[{"embeddable":true,"href":"https:\/\/jordidelrio.com\/es\/wp-json\/wp\/v2\/users\/2"}],"replies":[{"embeddable":true,"href":"https:\/\/jordidelrio.com\/es\/wp-json\/wp\/v2\/comments?post=475"}],"version-history":[{"count":7,"href":"https:\/\/jordidelrio.com\/es\/wp-json\/wp\/v2\/pages\/475\/revisions"}],"predecessor-version":[{"id":942,"href":"https:\/\/jordidelrio.com\/es\/wp-json\/wp\/v2\/pages\/475\/revisions\/942"}],"wp:attachment":[{"href":"https:\/\/jordidelrio.com\/es\/wp-json\/wp\/v2\/media?parent=475"}],"curies":[{"name":"wp","href":"https:\/\/api.w.org\/{rel}","templated":true}]}}