{"id":486,"date":"2025-09-20T06:28:07","date_gmt":"2025-09-20T06:28:07","guid":{"rendered":"https:\/\/jordidelrio.com\/?page_id=486"},"modified":"2025-10-11T07:50:35","modified_gmt":"2025-10-11T07:50:35","slug":"qui-som","status":"publish","type":"page","link":"https:\/\/jordidelrio.com\/es\/qui-som\/","title":{"rendered":"Quienes somos"},"content":{"rendered":"<div data-elementor-type=\"wp-page\" data-elementor-id=\"486\" class=\"elementor elementor-486\">\n\t\t\t\t<div class=\"elementor-element elementor-element-9c10f38 e-flex e-con-boxed e-con e-parent\" data-id=\"9c10f38\" data-element_type=\"container\" data-settings=\"{&quot;background_background&quot;:&quot;classic&quot;}\">\n\t\t\t\t\t<div class=\"e-con-inner\">\n\t\t\t\t\t<\/div>\n\t\t\t\t<\/div>\n\t\t<div class=\"elementor-element elementor-element-6344ceb e-con-full e-flex e-con e-parent\" data-id=\"6344ceb\" data-element_type=\"container\">\n\t\t\t\t<div class=\"elementor-element elementor-element-03feb9e elementor-widget-mobile__width-inherit elementor-widget elementor-widget-heading\" data-id=\"03feb9e\" data-element_type=\"widget\" data-widget_type=\"heading.default\">\n\t\t\t\t\t<h2 class=\"elementor-heading-title elementor-size-default\">Quienes somos<\/h2>\t\t\t\t<\/div>\n\t\t\t\t<\/div>\n\t\t<div class=\"elementor-element elementor-element-06cc93f e-flex e-con-boxed e-con e-parent\" data-id=\"06cc93f\" data-element_type=\"container\">\n\t\t\t\t\t<div class=\"e-con-inner\">\n\t\t<div class=\"elementor-element elementor-element-cd61d5c e-con-full e-flex e-con e-child\" data-id=\"cd61d5c\" data-element_type=\"container\">\n\t\t\t\t<div class=\"elementor-element elementor-element-d5bb3c7 elementor-widget elementor-widget-text-editor\" data-id=\"d5bb3c7\" data-element_type=\"widget\" data-widget_type=\"text-editor.default\">\n\t\t\t\t\t\t\t\t\t<p>La companyia nace en 2012 en Art\u00e9s, de la mano del actor y clown Jordi del Rio, que inicia un nuevo camino y abre las puertas de su particular mundo para producir espect\u00e1culos de creaci\u00f3n pr\u00f2pia dirigidos a p\u00fablico familiar y escolar. Espect\u00e1culos hechos artesanalmente, con amor y sobretodo con mucho humor. El humor es la base de todas las creaciones, combinando la imaginaci\u00f3n y la ternura. Utilizando y mezclando diverses t\u00e9cnicas: a parte del texto, la com\u00e8dia, el clown, o el mimo, tambi\u00e9n utiliza otras t\u00e9cnicas como la manipulaci\u00f3n de objetos, el juego coreogr\u00e1fico, y una esmerada banda sonora, que da la posibilidad de traslladar al espectador a los ambientes propuestos, de una manera sencilla y efectiva. Combinando los efectos en off, con las onomatopeyas que se realizan en directo.<\/p>\t\t\t\t\t\t\t\t<\/div>\n\t\t\t\t<\/div>\n\t\t<div class=\"elementor-element elementor-element-2673012 e-con-full e-flex e-con e-child\" data-id=\"2673012\" data-element_type=\"container\" id=\"about-slideshow-container\" data-settings=\"{&quot;background_background&quot;:&quot;classic&quot;}\">\n\t\t\t\t<div class=\"elementor-element elementor-element-779cb23 elementor-widget elementor-widget-shortcode\" data-id=\"779cb23\" data-element_type=\"widget\" data-widget_type=\"shortcode.default\">\n\t\t\t\t\t\t\t<div class=\"elementor-shortcode\">  <\/div>\n\t\t\t\t\t\t<\/div>\n\t\t\t\t<\/div>\n\t\t\t\t\t<\/div>\n\t\t\t\t<\/div>\n\t\t<div class=\"elementor-element elementor-element-d13a6db e-con-full e-flex e-con e-parent\" data-id=\"d13a6db\" data-element_type=\"container\">\n\t\t<div class=\"elementor-element elementor-element-073872a e-con-full e-flex e-con e-child\" data-id=\"073872a\" data-element_type=\"container\">\n\t\t<div class=\"elementor-element elementor-element-7071a36 e-con-full e-flex e-con e-child\" data-id=\"7071a36\" data-element_type=\"container\">\n\t\t\t\t<div class=\"elementor-element elementor-element-3287bbf curriculum elementor-widget-text-editor elementor-position-top elementor-widget elementor-widget-image-box\" data-id=\"3287bbf\" data-element_type=\"widget\" data-widget_type=\"image-box.default\">\n\t\t\t\t\t<div class=\"elementor-image-box-wrapper\"><figure class=\"elementor-image-box-img\"><img fetchpriority=\"high\" decoding=\"async\" width=\"500\" height=\"750\" src=\"https:\/\/jordidelrio.com\/wp-content\/uploads\/2025\/10\/jordi-del-rio.jpg\" class=\"attachment-full size-full wp-image-804\" alt=\"Jordi del Rio\" srcset=\"https:\/\/jordidelrio.com\/wp-content\/uploads\/2025\/10\/jordi-del-rio.jpg 500w, https:\/\/jordidelrio.com\/wp-content\/uploads\/2025\/10\/jordi-del-rio-200x300.jpg 200w, https:\/\/jordidelrio.com\/wp-content\/uploads\/2025\/10\/jordi-del-rio-8x12.jpg 8w\" sizes=\"(max-width: 500px) 100vw, 500px\" \/><\/figure><div class=\"elementor-image-box-content\"><h3 class=\"elementor-image-box-title\">Jordi del Rio<\/h3><p class=\"elementor-image-box-description\"><h6>Actor \/ Clown \/ Pallasso d'hospital<\/h6>\n<p>He trabajado con compa\u00f1ias como; Teiatru, Setrill-Teiatru, Marcel Gros o La C\u00eda. Chapertons. En 2012 inicio un nuevo camino en solitario, formando mi propia compa\u00f1\u00eda, La <b>C\u00eda. Jordi del Rio<\/b>. Creando los espect\u00e1culos: <em>\u00a1Clic!<\/em> (2013) <em>el Abuelo Antonio<\/em> (2015) <em>\u00a1Menuda Comedia!<\/em> (2017) <em>Ludus<\/em> (2018) i <em>\u00a1Despierta!<\/em> (2022). Y desde 2016, lo compagino haciendo de Payaso de Hospital con la Organizaci\u00f3n de Barcelona <b>Pallapupas<\/b>.<\/p><\/p><\/div><\/div>\t\t\t\t<\/div>\n\t\t\t\t<\/div>\n\t\t<div class=\"elementor-element elementor-element-6d2f750 e-con-full e-flex e-con e-child\" data-id=\"6d2f750\" data-element_type=\"container\">\n\t\t\t\t<div class=\"elementor-element elementor-element-3359efb curriculum elementor-widget-text-editor elementor-position-top elementor-widget elementor-widget-image-box\" data-id=\"3359efb\" data-element_type=\"widget\" data-widget_type=\"image-box.default\">\n\t\t\t\t\t<div class=\"elementor-image-box-wrapper\"><figure class=\"elementor-image-box-img\"><img decoding=\"async\" width=\"500\" height=\"750\" src=\"https:\/\/jordidelrio.com\/wp-content\/uploads\/2025\/10\/elisa-jorba.jpg\" class=\"attachment-full size-full wp-image-802\" alt=\"Elisa Jorba\" srcset=\"https:\/\/jordidelrio.com\/wp-content\/uploads\/2025\/10\/elisa-jorba.jpg 500w, https:\/\/jordidelrio.com\/wp-content\/uploads\/2025\/10\/elisa-jorba-200x300.jpg 200w, https:\/\/jordidelrio.com\/wp-content\/uploads\/2025\/10\/elisa-jorba-8x12.jpg 8w\" sizes=\"(max-width: 500px) 100vw, 500px\" \/><\/figure><div class=\"elementor-image-box-content\"><h3 class=\"elementor-image-box-title\">Elisa Jorba<\/h3><p class=\"elementor-image-box-description\"><h6>Actriz \/ Dinamizadora cultural<\/h6>\n<p>He trabajado con las compa\u00f1\u00edas; Setrill, Teiatru, Marcel Gros y La C\u00eda. Jordi del Rio. Creadora e int\u00e9rprete del espect\u00e1culo de cuentos <em>La Tieta Lourdes.<\/em>  Dinamizadora cultural en el Ayuntamiento de Balsareny y programadora de teatro y m\u00fasica. Profesora de teatro en la Escuela Municipal de Teatro de Balsareny, i a los Carlins de Manresa.<\/p><\/p><\/div><\/div>\t\t\t\t<\/div>\n\t\t\t\t<\/div>\n\t\t<div class=\"elementor-element elementor-element-4b6a270 e-con-full e-flex e-con e-child\" data-id=\"4b6a270\" data-element_type=\"container\">\n\t\t\t\t<div class=\"elementor-element elementor-element-b86c294 curriculum elementor-widget-text-editor elementor-position-top elementor-widget elementor-widget-image-box\" data-id=\"b86c294\" data-element_type=\"widget\" data-widget_type=\"image-box.default\">\n\t\t\t\t\t<div class=\"elementor-image-box-wrapper\"><figure class=\"elementor-image-box-img\"><img decoding=\"async\" width=\"500\" height=\"750\" src=\"https:\/\/jordidelrio.com\/wp-content\/uploads\/2025\/10\/eric-corbella-1.jpg\" class=\"attachment-full size-full wp-image-808\" alt=\"\u00c8ric Corbella\" srcset=\"https:\/\/jordidelrio.com\/wp-content\/uploads\/2025\/10\/eric-corbella-1.jpg 500w, https:\/\/jordidelrio.com\/wp-content\/uploads\/2025\/10\/eric-corbella-1-200x300.jpg 200w, https:\/\/jordidelrio.com\/wp-content\/uploads\/2025\/10\/eric-corbella-1-8x12.jpg 8w\" sizes=\"(max-width: 500px) 100vw, 500px\" \/><\/figure><div class=\"elementor-image-box-content\"><h3 class=\"elementor-image-box-title\">\u00c8ric Corbella<\/h3><p class=\"elementor-image-box-description\"><h6>T\u00e9cnico de iluminaci\u00f3n y sonido<\/h6>\n<p>Estudios t\u00e9cnicos y en gesti\u00f3n cultural, cursados en Andaluc\u00eda, Canarias y Catalu\u00f1a. Desde 2007 y con plena dedicaci\u00f3n, realizo tareas de gesti\u00f3n, producci\u00f3n, programaci\u00f3n y gesti\u00f3n t\u00e9cnica en diversos espacios culturales, adem\u00e1s de trabajar como t\u00e9cnico de iluminaci\u00f3n y sonido en infinidad de empresas, teatros, compa\u00f1ias y formaciones musicales. Actualmente dirijo mi propia empresa, <b>La Andr\u00f3mina<\/b>.<\/p><\/p><\/div><\/div>\t\t\t\t<\/div>\n\t\t\t\t<\/div>\n\t\t\t\t<\/div>\n\t\t\t\t<\/div>\n\t\t<div class=\"elementor-element elementor-element-db23855 e-flex e-con-boxed e-con e-parent\" data-id=\"db23855\" data-element_type=\"container\">\n\t\t\t\t\t<div class=\"e-con-inner\">\n\t\t\t\t\t<\/div>\n\t\t\t\t<\/div>\n\t\t\t\t<\/div>","protected":false},"excerpt":{"rendered":"<p>Qui som La companyia neix el 2012 a Art\u00e9s, de la m\u00e0 de l\u2019actor i clown Jordi del Rio, que inicia un nou cam\u00ed, i obre les portes del seu particular m\u00f3n per produir espectacles de creaci\u00f3 pr\u00f2pia adre\u00e7ats a p\u00fablic familiar i escolar. Espectacles fets artesanalment, amb amor i sobretot amb molt d\u2019humor. L\u2019humor [&hellip;]<\/p>","protected":false},"author":2,"featured_media":0,"parent":0,"menu_order":0,"comment_status":"closed","ping_status":"closed","template":"","meta":{"footnotes":""},"class_list":["post-486","page","type-page","status-publish","hentry"],"_links":{"self":[{"href":"https:\/\/jordidelrio.com\/es\/wp-json\/wp\/v2\/pages\/486","targetHints":{"allow":["GET"]}}],"collection":[{"href":"https:\/\/jordidelrio.com\/es\/wp-json\/wp\/v2\/pages"}],"about":[{"href":"https:\/\/jordidelrio.com\/es\/wp-json\/wp\/v2\/types\/page"}],"author":[{"embeddable":true,"href":"https:\/\/jordidelrio.com\/es\/wp-json\/wp\/v2\/users\/2"}],"replies":[{"embeddable":true,"href":"https:\/\/jordidelrio.com\/es\/wp-json\/wp\/v2\/comments?post=486"}],"version-history":[{"count":67,"href":"https:\/\/jordidelrio.com\/es\/wp-json\/wp\/v2\/pages\/486\/revisions"}],"predecessor-version":[{"id":914,"href":"https:\/\/jordidelrio.com\/es\/wp-json\/wp\/v2\/pages\/486\/revisions\/914"}],"wp:attachment":[{"href":"https:\/\/jordidelrio.com\/es\/wp-json\/wp\/v2\/media?parent=486"}],"curies":[{"name":"wp","href":"https:\/\/api.w.org\/{rel}","templated":true}]}}